{"id":842,"date":"2020-10-06T11:49:10","date_gmt":"2020-10-06T11:49:10","guid":{"rendered":"http:\/\/anhsinhbinhdinh.com.vn\/?page_id=842"},"modified":"2020-10-06T12:01:00","modified_gmt":"2020-10-06T12:01:00","slug":"tin-tuc","status":"publish","type":"page","link":"https:\/\/anhsinhbinhdinh.com.vn\/?page_id=842","title":{"rendered":"Tin t\u1ee9c"},"content":{"rendered":"\t\t<div data-elementor-type=\"wp-page\" data-elementor-id=\"842\" class=\"elementor elementor-842\" data-elementor-settings=\"[]\">\n\t\t\t\t\t\t<div class=\"elementor-inner\">\n\t\t\t\t\t\t\t<div class=\"elementor-section-wrap\">\n\t\t\t\t\t\t\t<section class=\"elementor-section elementor-top-section elementor-element elementor-element-7f86bb0 elementor-section-boxed elementor-section-height-default elementor-section-height-default\" data-id=\"7f86bb0\" data-element_type=\"section\" data-settings=\"{&quot;ekit_has_onepagescroll_dot&quot;:&quot;yes&quot;}\">\n\t\t\t\t\t\t<div class=\"elementor-container elementor-column-gap-default\">\n\t\t\t\t\t\t\t<div class=\"elementor-row\">\n\t\t\t\t\t<div class=\"elementor-column elementor-col-100 elementor-top-column elementor-element elementor-element-71d6564\" data-id=\"71d6564\" data-element_type=\"column\">\n\t\t\t<div class=\"elementor-column-wrap\">\n\t\t\t\t\t\t\t<div class=\"elementor-widget-wrap\">\n\t\t\t\t\t\t\t\t<\/div>\n\t\t\t\t\t<\/div>\n\t\t<\/div>\n\t\t\t\t\t\t\t\t<\/div>\n\t\t\t\t\t<\/div>\n\t\t<\/section>\n\t\t\t\t<section class=\"elementor-section elementor-top-section elementor-element elementor-element-05d970e elementor-section-boxed elementor-section-height-default elementor-section-height-default\" data-id=\"05d970e\" data-element_type=\"section\" data-settings=\"{&quot;background_background&quot;:&quot;classic&quot;,&quot;ekit_has_onepagescroll_dot&quot;:&quot;yes&quot;}\">\n\t\t\t\t\t\t<div class=\"elementor-container elementor-column-gap-default\">\n\t\t\t\t\t\t\t<div class=\"elementor-row\">\n\t\t\t\t\t<div class=\"elementor-column elementor-col-33 elementor-top-column elementor-element elementor-element-633d87c\" data-id=\"633d87c\" data-element_type=\"column\">\n\t\t\t<div class=\"elementor-column-wrap elementor-element-populated\">\n\t\t\t\t\t\t\t<div class=\"elementor-widget-wrap\">\n\t\t\t\t\t\t<div class=\"elementor-element elementor-element-38a6a84 elementor-widget elementor-widget-text-editor\" data-id=\"38a6a84\" data-element_type=\"widget\" data-widget_type=\"text-editor.default\">\n\t\t\t\t<div class=\"elementor-widget-container\">\n\t\t\t\t\t<div class=\"elementor-text-editor elementor-clearfix\"><h1>\u00a0<\/h1><p>\u00a0<\/p><h1>\u00a0<\/h1><h1><strong>Tin t\u1ee9c<\/strong><\/h1><div><strong>\u00a0<\/strong><\/div><div>\u00a0<\/div><div><strong>\u00a0<\/strong><\/div><div><strong>\u00a0<\/strong><\/div><div><strong>\u00a0<\/strong><\/div><\/div>\n\t\t\t\t<\/div>\n\t\t\t\t<\/div>\n\t\t\t\t\t\t<\/div>\n\t\t\t\t\t<\/div>\n\t\t<\/div>\n\t\t\t\t<div class=\"elementor-column elementor-col-66 elementor-top-column elementor-element elementor-element-d795e16\" data-id=\"d795e16\" data-element_type=\"column\">\n\t\t\t<div class=\"elementor-column-wrap\">\n\t\t\t\t\t\t\t<div class=\"elementor-widget-wrap\">\n\t\t\t\t\t\t\t\t<\/div>\n\t\t\t\t\t<\/div>\n\t\t<\/div>\n\t\t\t\t\t\t\t\t<\/div>\n\t\t\t\t\t<\/div>\n\t\t<\/section>\n\t\t\t\t<section class=\"elementor-section elementor-top-section elementor-element elementor-element-f63184c elementor-section-boxed elementor-section-height-default elementor-section-height-default\" data-id=\"f63184c\" data-element_type=\"section\" data-settings=\"{&quot;ekit_has_onepagescroll_dot&quot;:&quot;yes&quot;}\">\n\t\t\t\t\t\t<div class=\"elementor-container elementor-column-gap-default\">\n\t\t\t\t\t\t\t<div class=\"elementor-row\">\n\t\t\t\t\t<div class=\"elementor-column elementor-col-100 elementor-top-column elementor-element elementor-element-d001d36\" data-id=\"d001d36\" data-element_type=\"column\">\n\t\t\t<div class=\"elementor-column-wrap elementor-element-populated\">\n\t\t\t\t\t\t\t<div class=\"elementor-widget-wrap\">\n\t\t\t\t\t\t<div class=\"elementor-element elementor-element-9356536 elementor-widget elementor-widget-elementskit-blog-posts\" data-id=\"9356536\" data-element_type=\"widget\" data-widget_type=\"elementskit-blog-posts.default\">\n\t\t\t\t<div class=\"elementor-widget-container\">\n\t\t\t<div class=\"ekit-wid-con\" >        <div id=\"post-items--9356536\" class=\"row post-items\">\n                    <div class=\"col-lg-4 col-md-6\">\n\n                                    <div class=\"elementskit-post-image-card\">\n                        <div class=\"elementskit-entry-header\">\n                            \n                                                    <\/div><!-- .elementskit-entry-header END -->\n\n                        <div class=\"elementskit-post-body \">\n                            \n                                                                                                                                                        \n                                        \n                                                                                                <h2 class=\"entry-title\">\n                    <a href=\"https:\/\/anhsinhbinhdinh.com.vn\/?p=751\">\n                            Nh\u00e0 m\u00e1y g\u1ea1ch kh\u00f4ng nung \u00c1nh Sinh                    <\/a>\n                <\/h2>\n                                                                                                                                                                                            <p>G\u1ea1ch block l\u00e0 kh\u1ed1i b\u00ea t\u00f4ng v\u1edbi t\u1ef7 l\u1ec7 n\u01b0\u1edbc th\u1ea5p v\u00e0 c\u1ed1t li\u1ec7u nh\u1ecf \u0111\u01b0\u1ee3c l\u00e8n ch\u1eb7t trong khu\u00f4n th\u00e9p t\u1ef1 \u0111\u00f3ng r\u1eafn. G\u1ea1ch \u0111\u1ea1t c\u00e1c ch\u1ec9 s\u1ed1 v\u1ec1 c\u01a1 h\u1ecdc ti\u00eau chu\u1ea9n nh\u01b0: C\u01b0\u1eddng \u0111\u1ed9 n\u00e9n, u\u1ed1n, \u0111\u1ed9 h\u00fat n\u01b0\u1edbc &#8230; m\u00e0 kh\u00f4ng c\u1ea7n qua nhi\u1ec7t \u0111\u1ed9. C\u00e1c<\/p>\n                                                                                                                                                        <div class=\"btn-wraper\">\n                                    \n                                                                            <a href=\"https:\/\/anhsinhbinhdinh.com.vn\/?p=751\" class=\"elementskit-btn  whitespace--normal\" >\n                                        <i aria-hidden=\"true\" class=\"fas fa-atlas\"><\/i>                                            \u0110\u1ecdc th\u00eam                                        <\/a>\n                                                                    <\/div>\n                                                    <\/div><!-- .elementskit-post-body END -->\n                    <\/div>\n                \n            <\/div>\n                    <div class=\"col-lg-4 col-md-6\">\n\n                                    <div class=\"elementskit-post-image-card\">\n                        <div class=\"elementskit-entry-header\">\n                            \n                                                    <\/div><!-- .elementskit-entry-header END -->\n\n                        <div class=\"elementskit-post-body \">\n                            \n                                                                                                                                                        \n                                        \n                                                                                                <h2 class=\"entry-title\">\n                    <a href=\"https:\/\/anhsinhbinhdinh.com.vn\/?p=313\">\n                            G\u1ea1ch kh\u00f4ng nung 9x19x39                    <\/a>\n                <\/h2>\n                                                                                                                                                                                            <p>G\u1ea1ch kh\u00f4ng nung 9cm x 19cm x 39cm K\u00edch th\u01b0\u1edbc: 9cm x 19cm x 39cm Tr\u1ecdng l\u01b0\u1ee3ng: 8.5 kg Mac: 50 \u00a0 C\u00e1c \u0111\u1eb7c t\u00ednh ti\u00eau bi\u1ec3u G\u1ea1ch block 9x19x39 th\u01b0\u1eddng \u0111\u01b0\u1ee3c \u1ee9ng d\u1ee5ng \u0111\u1ec3 x\u00e2y t\u01b0\u1eddng r\u00e0o, x\u00e2y nh\u00e0 \u1edf, ph\u00f2ng tr\u1ecd, nh\u00e0 x\u01b0\u1edfng. 1 vi\u00ean g\u1ea1ch block 9cm<\/p>\n                                                                                                                                                        <div class=\"btn-wraper\">\n                                    \n                                                                            <a href=\"https:\/\/anhsinhbinhdinh.com.vn\/?p=313\" class=\"elementskit-btn  whitespace--normal\" >\n                                        <i aria-hidden=\"true\" class=\"fas fa-atlas\"><\/i>                                            \u0110\u1ecdc th\u00eam                                        <\/a>\n                                                                    <\/div>\n                                                    <\/div><!-- .elementskit-post-body END -->\n                    <\/div>\n                \n            <\/div>\n                    <div class=\"col-lg-4 col-md-6\">\n\n                                    <div class=\"elementskit-post-image-card\">\n                        <div class=\"elementskit-entry-header\">\n                            \n                                                    <\/div><!-- .elementskit-entry-header END -->\n\n                        <div class=\"elementskit-post-body \">\n                            \n                                                                                                                                                        \n                                        \n                                                                                                <h2 class=\"entry-title\">\n                    <a href=\"https:\/\/anhsinhbinhdinh.com.vn\/?p=314\">\n                            G\u1ea1ch kh\u00f4ng nung 15x19x39                    <\/a>\n                <\/h2>\n                                                                                                                                                                                            <p>G\u1ea1ch kh\u00f4ng nung 15cm x 19cm x 39cm&nbsp; K\u00edch th\u01b0\u1edbc: 15cm x 19cm x 39cm &nbsp; Tr\u1ecdng l\u01b0\u1ee3ng: 12.5 kg Mac: 50&nbsp; C\u00e1c th\u00f4ng s\u1ed1 k\u1ef9 thu\u1eadt ti\u00eau bi\u1ec3u \u2013 C\u01b0\u1eddng \u0111\u1ed9 ch\u1ecbu l\u1ef1c c\u1ee7a g\u1ea1ch block: 75 \u2013 250 kg\/cm2 \u2013 K\u00edch th\u01b0\u1edbc (mm): 150x190x390 \u2013 \u0110\u1ed9 sai l\u1ec7ch<\/p>\n                                                                                                                                                        <div class=\"btn-wraper\">\n                                    \n                                                                            <a href=\"https:\/\/anhsinhbinhdinh.com.vn\/?p=314\" class=\"elementskit-btn  whitespace--normal\" >\n                                        <i aria-hidden=\"true\" class=\"fas fa-atlas\"><\/i>                                            \u0110\u1ecdc th\u00eam                                        <\/a>\n                                                                    <\/div>\n                                                    <\/div><!-- .elementskit-post-body END -->\n                    <\/div>\n                \n            <\/div>\n                    <div class=\"col-lg-4 col-md-6\">\n\n                                    <div class=\"elementskit-post-image-card\">\n                        <div class=\"elementskit-entry-header\">\n                            \n                                                    <\/div><!-- .elementskit-entry-header END -->\n\n                        <div class=\"elementskit-post-body \">\n                            \n                                                                                                                                                        \n                                        \n                                                                                                <h2 class=\"entry-title\">\n                    <a href=\"https:\/\/anhsinhbinhdinh.com.vn\/?p=300\">\n                            \u0110\u00e1 d\u0103m x\u00e2y d\u1ef1ng cho b\u00ea t\u00f4ng v\u00e0 v\u1eefa th\u00f4ng th\u01b0\u1eddng                    <\/a>\n                <\/h2>\n                                                                                                                                                                                            <p>B\u00ea t\u00f4ng v\u00e0 v\u1eefa l\u00e0 h\u1ed7n h\u1ee3p k\u1ebft d\u00ednh v\u00e0 t\u1ea1o h\u00ecnh c\u00f3 kh\u1ea3 n\u0103ng ch\u1ecbu l\u1ef1c kh\u00f4ng th\u1ec3 thi\u1ebfu trong c\u00f4ng t\u00e1c x\u00e2y d\u1ef1ng. Ch\u1ea5t l\u01b0\u1ee3ng c\u1ee7a b\u00ea t\u00f4ng v\u00e0 v\u1eefa ph\u1ee5 thu\u1ed9c r\u1ea5t l\u1edbn v\u00e0o c\u00e1c th\u00e0nh ph\u1ea7n c\u1ea5u t\u1ea1o n\u00ean ch\u00fang. \u0110\u00e1 d\u0103m x\u00e2y d\u1ef1ng (c\u1ed1t li\u1ec7u<\/p>\n                                                                                                                                                        <div class=\"btn-wraper\">\n                                    \n                                                                            <a href=\"https:\/\/anhsinhbinhdinh.com.vn\/?p=300\" class=\"elementskit-btn  whitespace--normal\" >\n                                        <i aria-hidden=\"true\" class=\"fas fa-atlas\"><\/i>                                            \u0110\u1ecdc th\u00eam                                        <\/a>\n                                                                    <\/div>\n                                                    <\/div><!-- .elementskit-post-body END -->\n                    <\/div>\n                \n            <\/div>\n                    <div class=\"col-lg-4 col-md-6\">\n\n                                    <div class=\"elementskit-post-image-card\">\n                        <div class=\"elementskit-entry-header\">\n                            \n                                                    <\/div><!-- .elementskit-entry-header END -->\n\n                        <div class=\"elementskit-post-body \">\n                            \n                                                                                                                                                        \n                                        \n                                                                                                <h2 class=\"entry-title\">\n                    <a href=\"https:\/\/anhsinhbinhdinh.com.vn\/?p=303\">\n                            \u0110\u00e1 d\u0103m v\u00e0 c\u00e1c c\u00f4ng tr\u00ecnh x\u00e2y d\u1ef1ng                    <\/a>\n                <\/h2>\n                                                                                                                                                                                            <p>\u0110\u00e1 x\u00e2y d\u1ef1ng hay c\u00f2n g\u1ecdi l\u00e0 \u0111\u00e1 d\u0103m th\u01b0\u1eddng bao g\u1ed3m c\u00e1c lo\u1ea1i: \u0111\u00e1 1\u00d72, 3\u00d74, 4\u00d76\u2026., \u0111\u00e2y l\u00e0 v\u1eadt li\u1ec7u d\u00f9ng \u0111\u1ec3 l\u00e0m t\u0103ng s\u1ee9c ch\u1ecbu t\u1ea3i tr\u1ecdng c\u1ee7a b\u00ea t\u00f4ng. 1. C\u00e1c lo\u1ea1i \u0111\u00e1 d\u0103m th\u00f4ng d\u1ee5ng \u0110\u00e1 1\u00d72: s\u1eed d\u1ee5ng trong h\u1ed7n h\u1ee3p b\u00ea t\u00f4ng \u0110\u00e1<\/p>\n                                                                                                                                                        <div class=\"btn-wraper\">\n                                    \n                                                                            <a href=\"https:\/\/anhsinhbinhdinh.com.vn\/?p=303\" class=\"elementskit-btn  whitespace--normal\" >\n                                        <i aria-hidden=\"true\" class=\"fas fa-atlas\"><\/i>                                            \u0110\u1ecdc th\u00eam                                        <\/a>\n                                                                    <\/div>\n                                                    <\/div><!-- .elementskit-post-body END -->\n                    <\/div>\n                \n            <\/div>\n                    <div class=\"col-lg-4 col-md-6\">\n\n                                    <div class=\"elementskit-post-image-card\">\n                        <div class=\"elementskit-entry-header\">\n                            \n                                                    <\/div><!-- .elementskit-entry-header END -->\n\n                        <div class=\"elementskit-post-body \">\n                            \n                                                                                                                                                        \n                                        \n                                                                                                <h2 class=\"entry-title\">\n                    <a href=\"https:\/\/anhsinhbinhdinh.com.vn\/?p=310\">\n                            G\u1ea1ch kh\u00f4ng nung 6 l\u1ed7                    <\/a>\n                <\/h2>\n                                                                                                                                                                                            <p>G\u1ea1ch kh\u00f4ng nung 6 l\u1ed7 K\u00edch th\u01b0\u1edbc: 100mm x 140mm x 210mm Tr\u1ecdng l\u01b0\u1ee3ng: 2.25 kg C\u01b0\u1eddng \u0111\u1ed9: 50 mac Gi\u00e1: Li\u00ean h\u1ec7 \u0111\u1ec3 \u0111\u01b0\u1ee3c gi\u00e1 t\u1ed1t G\u1ea1ch kh\u00f4ng nung 6 l\u1ed7 \u00c1nh Sinh \u0111\u01b0\u1ee3c k\u1ebf th\u1eeba ki\u1ec3u d\u00e1ng v\u00e0 k\u00edch th\u01b0\u1edbc g\u1ea1ch nung truy\u1ec1n th\u1ed1ng. G\u1ea1ch \u0111\u01b0\u1ee3c \u1ee9ng d\u1ee5ng<\/p>\n                                                                                                                                                        <div class=\"btn-wraper\">\n                                    \n                                                                            <a href=\"https:\/\/anhsinhbinhdinh.com.vn\/?p=310\" class=\"elementskit-btn  whitespace--normal\" >\n                                        <i aria-hidden=\"true\" class=\"fas fa-atlas\"><\/i>                                            \u0110\u1ecdc th\u00eam                                        <\/a>\n                                                                    <\/div>\n                                                    <\/div><!-- .elementskit-post-body END -->\n                    <\/div>\n                \n            <\/div>\n                <\/div>\n       <\/div>\t\t<\/div>\n\t\t\t\t<\/div>\n\t\t\t\t\t\t<\/div>\n\t\t\t\t\t<\/div>\n\t\t<\/div>\n\t\t\t\t\t\t\t\t<\/div>\n\t\t\t\t\t<\/div>\n\t\t<\/section>\n\t\t\t\t\t\t<\/div>\n\t\t\t\t\t\t<\/div>\n\t\t\t\t\t<\/div>\n\t\t","protected":false},"excerpt":{"rendered":"<p>\u00a0 \u00a0 \u00a0 Tin t\u1ee9c \u00a0\u00a0\u00a0\u00a0\u00a0 Nh\u00e0 m\u00e1y g\u1ea1ch kh\u00f4ng nung \u00c1nh Sinh G\u1ea1ch block l\u00e0 kh\u1ed1i b\u00ea t\u00f4ng v\u1edbi t\u1ef7 l\u1ec7 n\u01b0\u1edbc th\u1ea5p v\u00e0 c\u1ed1t li\u1ec7u nh\u1ecf \u0111\u01b0\u1ee3c l\u00e8n ch\u1eb7t trong khu\u00f4n th\u00e9p t\u1ef1 \u0111\u00f3ng r\u1eafn. G\u1ea1ch \u0111\u1ea1t c\u00e1c ch\u1ec9 s\u1ed1 v\u1ec1 c\u01a1 h\u1ecdc ti\u00eau chu\u1ea9n nh\u01b0: C\u01b0\u1eddng \u0111\u1ed9 n\u00e9n, u\u1ed1n, \u0111\u1ed9 h\u00fat n\u01b0\u1edbc &#8230; m\u00e0 kh\u00f4ng c\u1ea7n qua nhi\u1ec7t \u0111\u1ed9. C\u00e1c \u0110\u1ecdc th\u00eam Y\u00eau c\u1ea7u ch\u1ea5t l\u01b0\u1ee3ng \u0111\u00e1 d\u0103m cho c\u00e1c c\u00f4ng tr\u00ecnh x\u00e2y d\u1ef1ng \u0110\u1ecdc th\u00eam Xu th\u1ebf g\u1ea1ch kh\u00f4ng nung trong c\u00f4ng tr\u00ecnh x\u00e2y d\u1ef1ng \u0110\u1ecdc th\u00eam \u0110\u00e1 d\u0103m v\u00e0 c\u00e1c c\u00f4ng tr\u00ecnh x\u00e2y d\u1ef1ng \u0110\u1ecdc th\u00eam D\u1ea5u \u1ea5n doanh nghi\u1ec7p tr\u00ean b\u1ea3n \u0111\u1ed3 v\u1eadt li\u1ec7u x\u00e2y d\u1ef1ng t\u1ec9nh B\u00ecnh \u0110\u1ecbnh \u0110\u1ecdc th\u00eam M\u1ecf \u0111\u00e1 S\u01a1n Tri\u1ec1u \u2013 n\u01a1i cung c\u1ea5p v\u1eadt li\u1ec7u x\u00e2y d\u1ef1ng tr\u00ean \u0111\u1ecba b\u00e0n t\u1ec9nh B\u00ecnh \u0110\u1ecbnh \u0110\u1ecdc th\u00eam<\/p>\n","protected":false},"author":1,"featured_media":0,"parent":0,"menu_order":0,"comment_status":"closed","ping_status":"closed","template":"","meta":[],"yoast_head":"<!-- This site is optimized with the Yoast SEO plugin v15.9.2 - https:\/\/yoast.com\/wordpress\/plugins\/seo\/ -->\n<title>Tin t\u1ee9c - anhsinhbinhdinh.com.vn<\/title>\n<meta name=\"robots\" content=\"index, follow, max-snippet:-1, max-image-preview:large, max-video-preview:-1\" \/>\n<link rel=\"canonical\" href=\"https:\/\/anhsinhbinhdinh.com.vn\/?page_id=842\" \/>\n<meta property=\"og:locale\" content=\"vi_VN\" \/>\n<meta property=\"og:type\" content=\"article\" \/>\n<meta property=\"og:title\" content=\"Tin t\u1ee9c - anhsinhbinhdinh.com.vn\" \/>\n<meta property=\"og:description\" content=\"\u00a0 \u00a0 \u00a0 Tin t\u1ee9c \u00a0\u00a0\u00a0\u00a0\u00a0 Nh\u00e0 m\u00e1y g\u1ea1ch kh\u00f4ng nung \u00c1nh Sinh G\u1ea1ch block l\u00e0 kh\u1ed1i b\u00ea t\u00f4ng v\u1edbi t\u1ef7 l\u1ec7 n\u01b0\u1edbc th\u1ea5p v\u00e0 c\u1ed1t li\u1ec7u nh\u1ecf \u0111\u01b0\u1ee3c l\u00e8n ch\u1eb7t trong khu\u00f4n th\u00e9p t\u1ef1 \u0111\u00f3ng r\u1eafn. G\u1ea1ch \u0111\u1ea1t c\u00e1c ch\u1ec9 s\u1ed1 v\u1ec1 c\u01a1 h\u1ecdc ti\u00eau chu\u1ea9n nh\u01b0: C\u01b0\u1eddng \u0111\u1ed9 n\u00e9n, u\u1ed1n, \u0111\u1ed9 h\u00fat n\u01b0\u1edbc &#8230; m\u00e0 kh\u00f4ng c\u1ea7n qua nhi\u1ec7t \u0111\u1ed9. C\u00e1c \u0110\u1ecdc th\u00eam Y\u00eau c\u1ea7u ch\u1ea5t l\u01b0\u1ee3ng \u0111\u00e1 d\u0103m cho c\u00e1c c\u00f4ng tr\u00ecnh x\u00e2y d\u1ef1ng \u0110\u1ecdc th\u00eam Xu th\u1ebf g\u1ea1ch kh\u00f4ng nung trong c\u00f4ng tr\u00ecnh x\u00e2y d\u1ef1ng \u0110\u1ecdc th\u00eam \u0110\u00e1 d\u0103m v\u00e0 c\u00e1c c\u00f4ng tr\u00ecnh x\u00e2y d\u1ef1ng \u0110\u1ecdc th\u00eam D\u1ea5u \u1ea5n doanh nghi\u1ec7p tr\u00ean b\u1ea3n \u0111\u1ed3 v\u1eadt li\u1ec7u x\u00e2y d\u1ef1ng t\u1ec9nh B\u00ecnh \u0110\u1ecbnh \u0110\u1ecdc th\u00eam M\u1ecf \u0111\u00e1 S\u01a1n Tri\u1ec1u \u2013 n\u01a1i cung c\u1ea5p v\u1eadt li\u1ec7u x\u00e2y d\u1ef1ng tr\u00ean \u0111\u1ecba b\u00e0n t\u1ec9nh B\u00ecnh \u0110\u1ecbnh \u0110\u1ecdc th\u00eam\" \/>\n<meta property=\"og:url\" content=\"https:\/\/anhsinhbinhdinh.com.vn\/?page_id=842\" \/>\n<meta property=\"og:site_name\" content=\"anhsinhbinhdinh.com.vn\" \/>\n<meta property=\"article:modified_time\" content=\"2020-10-06T12:01:00+00:00\" \/>\n<meta name=\"twitter:card\" content=\"summary_large_image\" \/>\n<meta name=\"twitter:label1\" content=\"\u01af\u1edbc t\u00ednh th\u1eddi gian \u0111\u1ecdc\">\n\t<meta name=\"twitter:data1\" content=\"1 ph\u00fat\">\n<script type=\"application\/ld+json\" class=\"yoast-schema-graph\">{\"@context\":\"https:\/\/schema.org\",\"@graph\":[{\"@type\":\"WebSite\",\"@id\":\"https:\/\/anhsinhbinhdinh.com.vn\/#website\",\"url\":\"https:\/\/anhsinhbinhdinh.com.vn\/\",\"name\":\"anhsinhbinhdinh.com.vn\",\"description\":\"\\u0110\\u1ed3ng h\\u00e0nh v\\u00e0 ph\\u00e1t tri\\u1ec3n\",\"potentialAction\":[{\"@type\":\"SearchAction\",\"target\":\"https:\/\/anhsinhbinhdinh.com.vn\/?s={search_term_string}\",\"query-input\":\"required name=search_term_string\"}],\"inLanguage\":\"vi\"},{\"@type\":\"WebPage\",\"@id\":\"https:\/\/anhsinhbinhdinh.com.vn\/?page_id=842#webpage\",\"url\":\"https:\/\/anhsinhbinhdinh.com.vn\/?page_id=842\",\"name\":\"Tin t\\u1ee9c - anhsinhbinhdinh.com.vn\",\"isPartOf\":{\"@id\":\"https:\/\/anhsinhbinhdinh.com.vn\/#website\"},\"datePublished\":\"2020-10-06T11:49:10+00:00\",\"dateModified\":\"2020-10-06T12:01:00+00:00\",\"breadcrumb\":{\"@id\":\"https:\/\/anhsinhbinhdinh.com.vn\/?page_id=842#breadcrumb\"},\"inLanguage\":\"vi\",\"potentialAction\":[{\"@type\":\"ReadAction\",\"target\":[\"https:\/\/anhsinhbinhdinh.com.vn\/?page_id=842\"]}]},{\"@type\":\"BreadcrumbList\",\"@id\":\"https:\/\/anhsinhbinhdinh.com.vn\/?page_id=842#breadcrumb\",\"itemListElement\":[{\"@type\":\"ListItem\",\"position\":1,\"item\":{\"@type\":\"WebPage\",\"@id\":\"https:\/\/anhsinhbinhdinh.com.vn\/\",\"url\":\"https:\/\/anhsinhbinhdinh.com.vn\/\",\"name\":\"Trang ch\\u1ee7\"}},{\"@type\":\"ListItem\",\"position\":2,\"item\":{\"@type\":\"WebPage\",\"@id\":\"https:\/\/anhsinhbinhdinh.com.vn\/?page_id=842\",\"url\":\"https:\/\/anhsinhbinhdinh.com.vn\/?page_id=842\",\"name\":\"Tin t\\u1ee9c\"}}]}]}<\/script>\n<!-- \/ Yoast SEO plugin. -->","_links":{"self":[{"href":"https:\/\/anhsinhbinhdinh.com.vn\/index.php?rest_route=\/wp\/v2\/pages\/842"}],"collection":[{"href":"https:\/\/anhsinhbinhdinh.com.vn\/index.php?rest_route=\/wp\/v2\/pages"}],"about":[{"href":"https:\/\/anhsinhbinhdinh.com.vn\/index.php?rest_route=\/wp\/v2\/types\/page"}],"author":[{"embeddable":true,"href":"https:\/\/anhsinhbinhdinh.com.vn\/index.php?rest_route=\/wp\/v2\/users\/1"}],"replies":[{"embeddable":true,"href":"https:\/\/anhsinhbinhdinh.com.vn\/index.php?rest_route=%2Fwp%2Fv2%2Fcomments&post=842"}],"version-history":[{"count":4,"href":"https:\/\/anhsinhbinhdinh.com.vn\/index.php?rest_route=\/wp\/v2\/pages\/842\/revisions"}],"predecessor-version":[{"id":847,"href":"https:\/\/anhsinhbinhdinh.com.vn\/index.php?rest_route=\/wp\/v2\/pages\/842\/revisions\/847"}],"wp:attachment":[{"href":"https:\/\/anhsinhbinhdinh.com.vn\/index.php?rest_route=%2Fwp%2Fv2%2Fmedia&parent=842"}],"curies":[{"name":"wp","href":"https:\/\/api.w.org\/{rel}","templated":true}]}}